{"id":1013,"date":"2024-08-16T15:21:31","date_gmt":"2024-08-16T15:21:31","guid":{"rendered":"https:\/\/tuhamaehostel.com\/home\/"},"modified":"2026-04-28T09:15:27","modified_gmt":"2026-04-28T09:15:27","slug":"home","status":"publish","type":"page","link":"https:\/\/tuhamaehostel.com\/en\/","title":{"rendered":"MAIN PAGE"},"content":{"rendered":"<div class=\"wp-block-columns alignfull is-layout-flex wp-container-core-columns-is-layout-9d6595d7 wp-block-columns-is-layout-flex\"><div class=\"wp-block-column is-layout-flow wp-block-column-is-layout-flow\" style=\"flex-basis:50%\"><div class=\"wp-block-cover is-light\" style=\"min-height:950px;aspect-ratio:unset;\"><img loading=\"lazy\" decoding=\"async\" width=\"2560\" height=\"1920\" class=\"wp-block-cover__image-background wp-image-964\" alt=\"\" src=\"https:\/\/tuhamaehostel.com\/wp-content\/uploads\/2024\/09\/Manguvaljak-scaled.jpg\" data-object-fit=\"cover\" srcset=\"https:\/\/tuhamaehostel.com\/wp-content\/uploads\/2024\/09\/Manguvaljak-scaled.jpg 2560w, https:\/\/tuhamaehostel.com\/wp-content\/uploads\/2024\/09\/Manguvaljak-300x225.jpg 300w, https:\/\/tuhamaehostel.com\/wp-content\/uploads\/2024\/09\/Manguvaljak-1024x768.jpg 1024w, https:\/\/tuhamaehostel.com\/wp-content\/uploads\/2024\/09\/Manguvaljak-768x576.jpg 768w, https:\/\/tuhamaehostel.com\/wp-content\/uploads\/2024\/09\/Manguvaljak-1536x1152.jpg 1536w, https:\/\/tuhamaehostel.com\/wp-content\/uploads\/2024\/09\/Manguvaljak-2048x1536.jpg 2048w, https:\/\/tuhamaehostel.com\/wp-content\/uploads\/2024\/09\/Manguvaljak-1568x1176.jpg 1568w\" sizes=\"auto, (max-width: 2560px) 100vw, 2560px\" \/><span aria-hidden=\"true\" class=\"wp-block-cover__background has-background-dim-0 has-background-dim\" style=\"background-color:#a79485\"><\/span><div class=\"wp-block-cover__inner-container is-layout-constrained wp-block-cover-is-layout-constrained\"><h1 class=\"wp-block-heading has-text-align-center has-white-color has-text-color has-link-color wp-elements-e6f85c0718b97df4f0f2a36554c089f3\" style=\"font-size:48px\"><br><br><br><br><br>Tuham\u00e4e Hostel <\/h1>\n\n<p><\/p>\n\n<div class=\"wp-block-buttons is-content-justification-center is-layout-flex wp-container-core-buttons-is-layout-16018d1d wp-block-buttons-is-layout-flex\"><div class=\"wp-block-button\"><a class=\"wp-block-button__link has-text-align-center wp-element-button\" href=\"https:\/\/tuhamaehostel.com\/en\/majutus\/peamaja\/\">READ MORE<\/a><\/div><\/div><\/div><\/div><\/div>\n\n<div class=\"wp-block-column is-layout-flow wp-block-column-is-layout-flow\" style=\"flex-basis:50%\"><div class=\"wp-block-cover\" style=\"padding-top:0;padding-right:0;padding-bottom:0;padding-left:0;min-height:950px;aspect-ratio:unset;\"><img loading=\"lazy\" decoding=\"async\" width=\"2048\" height=\"1365\" class=\"wp-block-cover__image-background wp-image-960\" alt=\"\" src=\"https:\/\/tuhamaehostel.com\/wp-content\/uploads\/2024\/09\/Hosteli-puhkemaja-foto-M.Moru-256-KB.jpg\" data-object-fit=\"cover\" srcset=\"https:\/\/tuhamaehostel.com\/wp-content\/uploads\/2024\/09\/Hosteli-puhkemaja-foto-M.Moru-256-KB.jpg 2048w, https:\/\/tuhamaehostel.com\/wp-content\/uploads\/2024\/09\/Hosteli-puhkemaja-foto-M.Moru-256-KB-300x200.jpg 300w, https:\/\/tuhamaehostel.com\/wp-content\/uploads\/2024\/09\/Hosteli-puhkemaja-foto-M.Moru-256-KB-1024x683.jpg 1024w, https:\/\/tuhamaehostel.com\/wp-content\/uploads\/2024\/09\/Hosteli-puhkemaja-foto-M.Moru-256-KB-768x512.jpg 768w, https:\/\/tuhamaehostel.com\/wp-content\/uploads\/2024\/09\/Hosteli-puhkemaja-foto-M.Moru-256-KB-1536x1024.jpg 1536w, https:\/\/tuhamaehostel.com\/wp-content\/uploads\/2024\/09\/Hosteli-puhkemaja-foto-M.Moru-256-KB-1568x1045.jpg 1568w\" sizes=\"auto, (max-width: 2048px) 100vw, 2048px\" \/><span aria-hidden=\"true\" class=\"wp-block-cover__background has-background-dim-20 has-background-dim\" style=\"background-color:#7c5f4a\"><\/span><div class=\"wp-block-cover__inner-container is-layout-flow wp-block-cover-is-layout-flow\"><h1 class=\"wp-block-heading has-text-align-center has-white-color has-text-color has-link-color wp-elements-d2f2ec4b503f3605cbe9b6ef7aed95c1\" style=\"font-size:48px\"><br><br><br><br><br>Tuham\u00e4e Holiday Houses<\/h1>\n\n<p><\/p>\n\n<div class=\"wp-block-buttons is-content-justification-center is-layout-flex wp-container-core-buttons-is-layout-16018d1d wp-block-buttons-is-layout-flex\"><div class=\"wp-block-button\"><a class=\"wp-block-button__link has-text-align-center wp-element-button\" href=\"https:\/\/tuhamaehostel.com\/en\/majutus\/puhkemajad\/\">READ MORE<\/a><\/div><\/div><\/div><\/div><\/div><\/div><div style=\"height:10px\" aria-hidden=\"true\" class=\"wp-block-spacer\"><\/div><h2 class=\"wp-block-heading alignwide has-text-align-center\">Welcome to Ida-Virumaa, in the midst of adventures and stunning nature!<br>Tuham\u00e4e hostel and holiday houses offer accommodation right in the heart of Kivi\u00f5li Adventure Tourism Center.<\/h2><p class=\"has-text-align-center\"><\/p><div style=\"height:10px\" aria-hidden=\"true\" class=\"wp-block-spacer\"><\/div><div class=\"wp-block-columns alignfull is-layout-flex wp-container-core-columns-is-layout-9d6595d7 wp-block-columns-is-layout-flex\"><div class=\"wp-block-column is-layout-flow wp-block-column-is-layout-flow rbc-is-hidden-on-mobile\" style=\"flex-basis:22.22%\"><figure class=\"wp-block-image size-full\"><img loading=\"lazy\" decoding=\"async\" width=\"2560\" height=\"1584\" src=\"https:\/\/tuhamaehostel.com\/wp-content\/uploads\/2024\/08\/Kahekohaline-tuba-uus-scaled.jpg\" alt=\"\" class=\"wp-image-49\" style=\"aspect-ratio:1;object-fit:cover\" srcset=\"https:\/\/tuhamaehostel.com\/wp-content\/uploads\/2024\/08\/Kahekohaline-tuba-uus-scaled.jpg 2560w, https:\/\/tuhamaehostel.com\/wp-content\/uploads\/2024\/08\/Kahekohaline-tuba-uus-300x186.jpg 300w, https:\/\/tuhamaehostel.com\/wp-content\/uploads\/2024\/08\/Kahekohaline-tuba-uus-1024x634.jpg 1024w, https:\/\/tuhamaehostel.com\/wp-content\/uploads\/2024\/08\/Kahekohaline-tuba-uus-768x475.jpg 768w, https:\/\/tuhamaehostel.com\/wp-content\/uploads\/2024\/08\/Kahekohaline-tuba-uus-1536x950.jpg 1536w, https:\/\/tuhamaehostel.com\/wp-content\/uploads\/2024\/08\/Kahekohaline-tuba-uus-2048x1267.jpg 2048w, https:\/\/tuhamaehostel.com\/wp-content\/uploads\/2024\/08\/Kahekohaline-tuba-uus-1568x970.jpg 1568w\" sizes=\"auto, (max-width: 2560px) 100vw, 2560px\" \/><\/figure><\/div>\n\n<div class=\"wp-block-column has-background is-layout-flow wp-block-column-is-layout-flow\" style=\"background:linear-gradient(135deg,rgb(211,202,191) 4%,rgb(209,202,192) 30%,rgb(242,240,232) 100%);padding-right:var(--wp--preset--spacing--50);padding-left:var(--wp--preset--spacing--50);flex-basis:44.45%\"><h2 class=\"wp-block-heading has-text-align-left has-text-color has-link-color wp-elements-4091d176991bc10d08e8a3a84483f2f4\" style=\"color:#993b58\"><br>ACCOMMODATION<\/h2>\n\n<p style=\"font-size:18px\">The main building of Tuham\u00e4e hostel offers accommodation mainly in twin rooms, all equipped with a WC and shower. Our holiday houses are well-suited for smaller groups of up to 10 people.<br>Next to the hostel, there is parking available for caravans and unlimited camping opportunities.<br><a href=\"https:\/\/tuhamaehostel.com\/en\/majutus\/\">Read more&#8230;<\/a><\/p><\/div>\n\n<div class=\"wp-block-column animated bounceIn delay-1s slower has-background is-layout-flow wp-block-column-is-layout-flow\" style=\"background-color:#d8933b;flex-basis:33.33%\"><p class=\"animated bounceIn delay-1s slower\"><\/p>\n\n<h2 class=\"wp-block-heading has-text-color has-link-color wp-elements-f20229752ebdcb5a65d19ea7b2347ae9\" style=\"color:#993b58\">OFFERS<\/h2>\n\n<p style=\"font-size:18px\"><mark style=\"background-color:rgba(0, 0, 0, 0);color:#993b58\" class=\"has-inline-color\">\u2192<\/mark>&nbsp;With Perekaart, accommodation at Tuham\u00e4e hostel is 20% off the regular price.<br><a href=\"https:\/\/tuhamaehostel.com\/en\/pakkumised\/\">Read more&#8230;<\/a><\/p><\/div><\/div><div class=\"wp-block-columns alignfull is-layout-flex wp-container-core-columns-is-layout-9d6595d7 wp-block-columns-is-layout-flex\"><div class=\"wp-block-column has-background is-layout-flow wp-block-column-is-layout-flow\" style=\"background:linear-gradient(135deg,rgb(211,202,191) 0%,rgb(242,240,232) 97%);padding-top:0;padding-right:var(--wp--preset--spacing--50);padding-bottom:0;padding-left:var(--wp--preset--spacing--50);flex-basis:50%\"><h2 class=\"wp-block-heading has-text-align-left has-text-color has-link-color wp-elements-987e9a21d8006a4d8883993daaa49117\" style=\"color:#993b58\"><br>ADVENTURE<\/h2>\n\n<p class=\"has-text-align-left\" style=\"font-size:18px\">There are many different options for family vacations or team events. All of them are just a few minutes&#8217; drive away from us. Kivi\u00f5li Adventure Center, Aidu Water Sports Center, the Estonian Mining Museum, various cycling paths and hiking trails, and much more.<br><a href=\"https:\/\/tuhamaehostel.com\/en\/tegevused\/\">Read more&#8230;<\/a><\/p><\/div>\n\n<div class=\"wp-block-column is-layout-flow wp-block-column-is-layout-flow\" style=\"flex-basis:25%\"><figure class=\"wp-block-image size-full\"><img loading=\"lazy\" decoding=\"async\" width=\"2560\" height=\"1920\" src=\"https:\/\/tuhamaehostel.com\/wp-content\/uploads\/2024\/09\/Manguvaljak-scaled.jpg\" alt=\"\" class=\"wp-image-963\" style=\"aspect-ratio:1;object-fit:cover\" srcset=\"https:\/\/tuhamaehostel.com\/wp-content\/uploads\/2024\/09\/Manguvaljak-scaled.jpg 2560w, https:\/\/tuhamaehostel.com\/wp-content\/uploads\/2024\/09\/Manguvaljak-300x225.jpg 300w, https:\/\/tuhamaehostel.com\/wp-content\/uploads\/2024\/09\/Manguvaljak-1024x768.jpg 1024w, https:\/\/tuhamaehostel.com\/wp-content\/uploads\/2024\/09\/Manguvaljak-768x576.jpg 768w, https:\/\/tuhamaehostel.com\/wp-content\/uploads\/2024\/09\/Manguvaljak-1536x1152.jpg 1536w, https:\/\/tuhamaehostel.com\/wp-content\/uploads\/2024\/09\/Manguvaljak-2048x1536.jpg 2048w, https:\/\/tuhamaehostel.com\/wp-content\/uploads\/2024\/09\/Manguvaljak-1568x1176.jpg 1568w\" sizes=\"auto, (max-width: 2560px) 100vw, 2560px\" \/><\/figure><\/div>\n\n<div class=\"wp-block-column has-background is-layout-flow wp-block-column-is-layout-flow\" style=\"background:linear-gradient(135deg,rgb(211,202,191) 0%,rgb(243,241,233) 100%);padding-right:var(--wp--preset--spacing--50);padding-left:var(--wp--preset--spacing--50);flex-basis:25%\"><h2 class=\"wp-block-heading has-text-align-left has-text-color has-link-color wp-elements-3f16364da3e61605a44265efc5163c3e\" style=\"color:#993b58\"><br><a href=\"https:\/\/tuhamaehostel.com\/en\/saun\/\">SAUNA AND HOT TUB <\/a><\/h2>\n\n<p style=\"font-size:18px\">Tuham\u00e4e hostel has a sauna and a hot tub on the terrace, where you can spend time with your friends and family.<br><a href=\"https:\/\/tuhamaehostel.com\/en\/saun\/\">Read more&#8230;<\/a><\/p><\/div><\/div><div class=\"wp-block-columns alignfull is-layout-flex wp-container-core-columns-is-layout-9d6595d7 wp-block-columns-is-layout-flex\"><div class=\"wp-block-column has-background is-layout-flow wp-block-column-is-layout-flow\" style=\"background:linear-gradient(135deg,rgb(211,202,191) 0%,rgb(242,240,232) 100%);flex-basis:25%\"><p><br>Phone: +372 5557 5556<br>Email: <a href=\"mailto:info@tuhamaehostel.com\">info@tuhamaehostel.com<\/a><br>Reception open hours &#8211; 8:00-21:00<br><br>Distances from hostel:<br>133 km from Tallinn<br>150 km from Tartu<br>88 km from Narva<br>40 km from Rakvere<\/p>\n\n<p><\/p><\/div>\n\n<div class=\"wp-block-column has-background is-layout-flow wp-block-column-is-layout-flow\" style=\"background:linear-gradient(115deg,rgb(211,202,191) 0%,rgb(242,240,232) 100%);flex-basis:50%\"><h2 class=\"wp-block-heading has-text-align-left has-text-color has-link-color wp-elements-8ee352a708ed8b111fd38f6344cf730a\" style=\"color:#993b58\"><br><a href=\"https:\/\/tuhamaehostel.com\/en\/seltskonnad\/\">COMING WITH COLLEAGUES OR A LARGER GROUP? PLANNING A SUMMER OR WINTER EVENT?<\/a><\/h2>\n\n<p style=\"font-size:18px\">The entire Tuham\u00e4e complex can accommodate around 70-80 guests, with additional options for camping and caravans. Whether you&#8217;re coming with family, friends, or a company, we will find the best accommodation solution for you and help put together a package of activities and catering. <br><a href=\"https:\/\/tuhamaehostel.com\/en\/seltskonnad\/\">Read more&#8230;<\/a><br><\/p><\/div>\n\n<div class=\"wp-block-column is-layout-flow wp-block-column-is-layout-flow\" style=\"flex-basis:25%\"><figure class=\"wp-block-image size-full\"><img loading=\"lazy\" decoding=\"async\" width=\"2560\" height=\"1920\" src=\"https:\/\/tuhamaehostel.com\/wp-content\/uploads\/2024\/09\/Kumblustunn-talvel-scaled.jpg\" alt=\"\" class=\"wp-image-961\" style=\"aspect-ratio:1;object-fit:cover\" srcset=\"https:\/\/tuhamaehostel.com\/wp-content\/uploads\/2024\/09\/Kumblustunn-talvel-scaled.jpg 2560w, https:\/\/tuhamaehostel.com\/wp-content\/uploads\/2024\/09\/Kumblustunn-talvel-300x225.jpg 300w, https:\/\/tuhamaehostel.com\/wp-content\/uploads\/2024\/09\/Kumblustunn-talvel-1024x768.jpg 1024w, https:\/\/tuhamaehostel.com\/wp-content\/uploads\/2024\/09\/Kumblustunn-talvel-768x576.jpg 768w, https:\/\/tuhamaehostel.com\/wp-content\/uploads\/2024\/09\/Kumblustunn-talvel-1536x1152.jpg 1536w, https:\/\/tuhamaehostel.com\/wp-content\/uploads\/2024\/09\/Kumblustunn-talvel-2048x1536.jpg 2048w, https:\/\/tuhamaehostel.com\/wp-content\/uploads\/2024\/09\/Kumblustunn-talvel-1568x1176.jpg 1568w\" sizes=\"auto, (max-width: 2560px) 100vw, 2560px\" \/><\/figure><\/div><\/div><div class=\"wp-block-webfactory-map alignfull google-map-edhotels\"><div class=\"wp-block-webfactory-map\"><iframe loading=\"lazy\" title=\"Map\" width=\"100%\" height=\"318px\" src=\"https:\/\/www.google.com\/maps\/embed\/v1\/place?q=Tuham%C3%A4e%20Hostel&amp;maptype=roadmap&amp;zoom=14&amp;key=AIzaSyDu21TpfU-MuEwU2kFMxIuyEP8nP1tAj4I\" frameborder=\"0\"><\/iframe><\/div><\/div><div class=\"wp-block-columns is-layout-flex wp-container-core-columns-is-layout-9d6595d7 wp-block-columns-is-layout-flex\"><div class=\"wp-block-column is-vertically-aligned-center is-layout-flow wp-block-column-is-layout-flow\"><figure class=\"wp-block-image alignleft size-medium\"><a href=\"https:\/\/tuhamaehostel.com\/en\/leader-eesti\/\"><img loading=\"lazy\" decoding=\"async\" width=\"300\" height=\"110\" src=\"https:\/\/tuhamaehostel.com\/wp-content\/uploads\/2024\/09\/Eesti-ja-EL-LEADER-logo-EL-embleemiga-horisontaalne-varviline-300x110.png\" alt=\"\" class=\"wp-image-475\" srcset=\"https:\/\/tuhamaehostel.com\/wp-content\/uploads\/2024\/09\/Eesti-ja-EL-LEADER-logo-EL-embleemiga-horisontaalne-varviline-300x110.png 300w, https:\/\/tuhamaehostel.com\/wp-content\/uploads\/2024\/09\/Eesti-ja-EL-LEADER-logo-EL-embleemiga-horisontaalne-varviline.png 595w\" sizes=\"auto, (max-width: 300px) 100vw, 300px\" \/><\/a><\/figure><\/div>\n\n<div class=\"wp-block-column is-vertically-aligned-center is-layout-flow wp-block-column-is-layout-flow\"><figure class=\"wp-block-image size-medium\"><a href=\"https:\/\/tuhamaehostel.com\/en\/kaasrahastanud-el\/\"><img loading=\"lazy\" decoding=\"async\" width=\"300\" height=\"174\" src=\"https:\/\/tuhamaehostel.com\/wp-content\/uploads\/2024\/09\/Kaasrahastanud_EL_kaksiklogod_EST_hor_color_RGB-300x174.png\" alt=\"\" class=\"wp-image-473\" srcset=\"https:\/\/tuhamaehostel.com\/wp-content\/uploads\/2024\/09\/Kaasrahastanud_EL_kaksiklogod_EST_hor_color_RGB-300x174.png 300w, https:\/\/tuhamaehostel.com\/wp-content\/uploads\/2024\/09\/Kaasrahastanud_EL_kaksiklogod_EST_hor_color_RGB-768x446.png 768w, https:\/\/tuhamaehostel.com\/wp-content\/uploads\/2024\/09\/Kaasrahastanud_EL_kaksiklogod_EST_hor_color_RGB.png 1022w\" sizes=\"auto, (max-width: 300px) 100vw, 300px\" \/><\/a><\/figure><\/div>\n\n<div class=\"wp-block-column is-layout-flow wp-block-column-is-layout-flow\"><figure class=\"wp-block-image aligncenter size-thumbnail\"><a href=\"https:\/\/baltictrails.eu\/en\/forest?lang=en\"><img loading=\"lazy\" decoding=\"async\" width=\"150\" height=\"150\" src=\"https:\/\/tuhamaehostel.com\/wp-content\/uploads\/2024\/09\/Hiker-Friendly_EE_sign-150x150.png\" alt=\"\" class=\"wp-image-760\"\/><\/a><\/figure><\/div>\n\n<div class=\"wp-block-column is-vertically-aligned-center is-layout-flow wp-block-column-is-layout-flow\"><figure class=\"wp-block-image aligncenter size-medium\"><a href=\"https:\/\/www.perekaart.ee\/discounts\/965\"><img loading=\"lazy\" decoding=\"async\" width=\"86\" height=\"96\" src=\"https:\/\/tuhamaehostel.com\/wp-content\/uploads\/2024\/09\/familycard_header_logo_desktop.svg\" alt=\"\" class=\"wp-image-832\"\/><\/a><\/figure><\/div><\/div><div class=\"wp-block-columns alignwide is-layout-flex wp-container-core-columns-is-layout-9d6595d7 wp-block-columns-is-layout-flex\"><div class=\"wp-block-column is-layout-flow wp-block-column-is-layout-flow\"><iframe src=\"https:\/\/www.google.com\/maps\/embed?pb=!1m18!1m12!1m3!1d2033.0179712738877!2d26.95302397695718!3d59.36603897463207!2m3!1f0!2f0!3f0!3m2!1i1024!2i768!4f13.1!3m3!1m2!1s0x469387538735f31b%3A0xca874ce1285dff16!2sTuham%C3%A4e%20Hostel!5e0!3m2!1set!2see!4v1777367594652!5m2!1set!2see\" width=\"100%\" height=\"450\" style=\"border:0;\" allowfullscreen=\"\" loading=\"lazy\" referrerpolicy=\"no-referrer-when-downgrade\"><\/iframe><\/div><\/div>","protected":false},"excerpt":{"rendered":"<p>Welcome to Ida-Virumaa, in the midst of adventures and stunning nature!Tuham\u00e4e hostel and holiday houses offer accommodation right in the heart of Kivi\u00f5li Adventure Tourism Center. ACCOMMODATION The main building of Tuham\u00e4e hostel offers accommodation mainly in twin rooms, all equipped with a WC and shower. Our holiday houses are well-suited for smaller groups of [&hellip;]<\/p>\n","protected":false},"author":1,"featured_media":0,"parent":0,"menu_order":1,"comment_status":"closed","ping_status":"closed","template":"","meta":{"footnotes":""},"class_list":["post-1013","page","type-page","status-publish","hentry"],"yoast_head":"<!-- This site is optimized with the Yoast SEO plugin v26.8 - https:\/\/yoast.com\/product\/yoast-seo-wordpress\/ -->\n<title>MAIN PAGE - Tuham\u00e4e hostel<\/title>\n<meta name=\"robots\" content=\"index, follow, max-snippet:-1, max-image-preview:large, max-video-preview:-1\" \/>\n<link rel=\"canonical\" href=\"https:\/\/tuhamaehostel.com\/en\/\" \/>\n<meta property=\"og:locale\" content=\"en_US\" \/>\n<meta property=\"og:type\" content=\"article\" \/>\n<meta property=\"og:title\" content=\"MAIN PAGE - Tuham\u00e4e hostel\" \/>\n<meta property=\"og:description\" content=\"Welcome to Ida-Virumaa, in the midst of adventures and stunning nature!Tuham\u00e4e hostel and holiday houses offer accommodation right in the heart of Kivi\u00f5li Adventure Tourism Center. ACCOMMODATION The main building of Tuham\u00e4e hostel offers accommodation mainly in twin rooms, all equipped with a WC and shower. Our holiday houses are well-suited for smaller groups of [&hellip;]\" \/>\n<meta property=\"og:url\" content=\"https:\/\/tuhamaehostel.com\/en\/\" \/>\n<meta property=\"og:site_name\" content=\"Tuham\u00e4e hostel\" \/>\n<meta property=\"article:modified_time\" content=\"2026-04-28T09:15:27+00:00\" \/>\n<meta property=\"og:image\" content=\"https:\/\/tuhamaehostel.com\/wp-content\/uploads\/2024\/09\/Manguvaljak-scaled.jpg\" \/>\n\t<meta property=\"og:image:width\" content=\"2560\" \/>\n\t<meta property=\"og:image:height\" content=\"1920\" \/>\n\t<meta property=\"og:image:type\" content=\"image\/jpeg\" \/>\n<meta name=\"twitter:card\" content=\"summary_large_image\" \/>\n<meta name=\"twitter:label1\" content=\"Est. reading time\" \/>\n\t<meta name=\"twitter:data1\" content=\"4 minutes\" \/>\n<script type=\"application\/ld+json\" class=\"yoast-schema-graph\">{\"@context\":\"https:\/\/schema.org\",\"@graph\":[{\"@type\":\"WebPage\",\"@id\":\"https:\/\/tuhamaehostel.com\/en\/\",\"url\":\"https:\/\/tuhamaehostel.com\/en\/\",\"name\":\"MAIN PAGE - Tuham\u00e4e hostel\",\"isPartOf\":{\"@id\":\"https:\/\/tuhamaehostel.com\/#website\"},\"primaryImageOfPage\":{\"@id\":\"https:\/\/tuhamaehostel.com\/en\/#primaryimage\"},\"image\":{\"@id\":\"https:\/\/tuhamaehostel.com\/en\/#primaryimage\"},\"thumbnailUrl\":\"https:\/\/tuhamaehostel.com\/wp-content\/uploads\/2024\/09\/Manguvaljak-scaled.jpg\",\"datePublished\":\"2024-08-16T15:21:31+00:00\",\"dateModified\":\"2026-04-28T09:15:27+00:00\",\"breadcrumb\":{\"@id\":\"https:\/\/tuhamaehostel.com\/en\/#breadcrumb\"},\"inLanguage\":\"en-US\",\"potentialAction\":[{\"@type\":\"ReadAction\",\"target\":[\"https:\/\/tuhamaehostel.com\/en\/\"]}]},{\"@type\":\"ImageObject\",\"inLanguage\":\"en-US\",\"@id\":\"https:\/\/tuhamaehostel.com\/en\/#primaryimage\",\"url\":\"https:\/\/tuhamaehostel.com\/wp-content\/uploads\/2024\/09\/Manguvaljak-scaled.jpg\",\"contentUrl\":\"https:\/\/tuhamaehostel.com\/wp-content\/uploads\/2024\/09\/Manguvaljak-scaled.jpg\"},{\"@type\":\"BreadcrumbList\",\"@id\":\"https:\/\/tuhamaehostel.com\/en\/#breadcrumb\",\"itemListElement\":[{\"@type\":\"ListItem\",\"position\":1,\"name\":\"Home\",\"item\":\"https:\/\/tuhamaehostel.com\/en\/\"},{\"@type\":\"ListItem\",\"position\":2,\"name\":\"MAIN PAGE\"}]},{\"@type\":\"WebSite\",\"@id\":\"https:\/\/tuhamaehostel.com\/#website\",\"url\":\"https:\/\/tuhamaehostel.com\/\",\"name\":\"Tuham\u00e4e hostel\",\"description\":\"\",\"potentialAction\":[{\"@type\":\"SearchAction\",\"target\":{\"@type\":\"EntryPoint\",\"urlTemplate\":\"https:\/\/tuhamaehostel.com\/?s={search_term_string}\"},\"query-input\":{\"@type\":\"PropertyValueSpecification\",\"valueRequired\":true,\"valueName\":\"search_term_string\"}}],\"inLanguage\":\"en-US\"}]}<\/script>\n<!-- \/ Yoast SEO plugin. -->","yoast_head_json":{"title":"MAIN PAGE - Tuham\u00e4e hostel","robots":{"index":"index","follow":"follow","max-snippet":"max-snippet:-1","max-image-preview":"max-image-preview:large","max-video-preview":"max-video-preview:-1"},"canonical":"https:\/\/tuhamaehostel.com\/en\/","og_locale":"en_US","og_type":"article","og_title":"MAIN PAGE - Tuham\u00e4e hostel","og_description":"Welcome to Ida-Virumaa, in the midst of adventures and stunning nature!Tuham\u00e4e hostel and holiday houses offer accommodation right in the heart of Kivi\u00f5li Adventure Tourism Center. ACCOMMODATION The main building of Tuham\u00e4e hostel offers accommodation mainly in twin rooms, all equipped with a WC and shower. Our holiday houses are well-suited for smaller groups of [&hellip;]","og_url":"https:\/\/tuhamaehostel.com\/en\/","og_site_name":"Tuham\u00e4e hostel","article_modified_time":"2026-04-28T09:15:27+00:00","og_image":[{"width":2560,"height":1920,"url":"https:\/\/tuhamaehostel.com\/wp-content\/uploads\/2024\/09\/Manguvaljak-scaled.jpg","type":"image\/jpeg"}],"twitter_card":"summary_large_image","twitter_misc":{"Est. reading time":"4 minutes"},"schema":{"@context":"https:\/\/schema.org","@graph":[{"@type":"WebPage","@id":"https:\/\/tuhamaehostel.com\/en\/","url":"https:\/\/tuhamaehostel.com\/en\/","name":"MAIN PAGE - Tuham\u00e4e hostel","isPartOf":{"@id":"https:\/\/tuhamaehostel.com\/#website"},"primaryImageOfPage":{"@id":"https:\/\/tuhamaehostel.com\/en\/#primaryimage"},"image":{"@id":"https:\/\/tuhamaehostel.com\/en\/#primaryimage"},"thumbnailUrl":"https:\/\/tuhamaehostel.com\/wp-content\/uploads\/2024\/09\/Manguvaljak-scaled.jpg","datePublished":"2024-08-16T15:21:31+00:00","dateModified":"2026-04-28T09:15:27+00:00","breadcrumb":{"@id":"https:\/\/tuhamaehostel.com\/en\/#breadcrumb"},"inLanguage":"en-US","potentialAction":[{"@type":"ReadAction","target":["https:\/\/tuhamaehostel.com\/en\/"]}]},{"@type":"ImageObject","inLanguage":"en-US","@id":"https:\/\/tuhamaehostel.com\/en\/#primaryimage","url":"https:\/\/tuhamaehostel.com\/wp-content\/uploads\/2024\/09\/Manguvaljak-scaled.jpg","contentUrl":"https:\/\/tuhamaehostel.com\/wp-content\/uploads\/2024\/09\/Manguvaljak-scaled.jpg"},{"@type":"BreadcrumbList","@id":"https:\/\/tuhamaehostel.com\/en\/#breadcrumb","itemListElement":[{"@type":"ListItem","position":1,"name":"Home","item":"https:\/\/tuhamaehostel.com\/en\/"},{"@type":"ListItem","position":2,"name":"MAIN PAGE"}]},{"@type":"WebSite","@id":"https:\/\/tuhamaehostel.com\/#website","url":"https:\/\/tuhamaehostel.com\/","name":"Tuham\u00e4e hostel","description":"","potentialAction":[{"@type":"SearchAction","target":{"@type":"EntryPoint","urlTemplate":"https:\/\/tuhamaehostel.com\/?s={search_term_string}"},"query-input":{"@type":"PropertyValueSpecification","valueRequired":true,"valueName":"search_term_string"}}],"inLanguage":"en-US"}]}},"_links":{"self":[{"href":"https:\/\/tuhamaehostel.com\/en\/wp-json\/wp\/v2\/pages\/1013","targetHints":{"allow":["GET"]}}],"collection":[{"href":"https:\/\/tuhamaehostel.com\/en\/wp-json\/wp\/v2\/pages"}],"about":[{"href":"https:\/\/tuhamaehostel.com\/en\/wp-json\/wp\/v2\/types\/page"}],"author":[{"embeddable":true,"href":"https:\/\/tuhamaehostel.com\/en\/wp-json\/wp\/v2\/users\/1"}],"replies":[{"embeddable":true,"href":"https:\/\/tuhamaehostel.com\/en\/wp-json\/wp\/v2\/comments?post=1013"}],"version-history":[{"count":7,"href":"https:\/\/tuhamaehostel.com\/en\/wp-json\/wp\/v2\/pages\/1013\/revisions"}],"predecessor-version":[{"id":1424,"href":"https:\/\/tuhamaehostel.com\/en\/wp-json\/wp\/v2\/pages\/1013\/revisions\/1424"}],"wp:attachment":[{"href":"https:\/\/tuhamaehostel.com\/en\/wp-json\/wp\/v2\/media?parent=1013"}],"curies":[{"name":"wp","href":"https:\/\/api.w.org\/{rel}","templated":true}]}}